
{"id":118,"date":"2018-09-15T09:56:05","date_gmt":"2018-09-15T09:56:05","guid":{"rendered":"http:\/\/pazderna.knihovna.info\/?page_id=118"},"modified":"2018-09-15T09:58:04","modified_gmt":"2018-09-15T09:58:04","slug":"knihovni-rad","status":"publish","type":"page","link":"https:\/\/pazderna.knihovna.info\/?page_id=118","title":{"rendered":"Knihovn\u00ed \u0159\u00e1d"},"content":{"rendered":"<p>Registrovan\u00fdm \u010dten\u00e1\u0159em knihovny se m\u016f\u017ee st\u00e1t ka\u017ed\u00fd ob\u010dan \u010cesk\u00e9 republiky, kter\u00fd se prok\u00e1\u017ee platn\u00fdm ob\u010dansk\u00fdm pr\u016fkazem nebo cizinec, kter\u00fd se prok\u00e1\u017ee cestovn\u00edm pasem a povolen\u00edm k\u00a0 pobytu v\u00a0\u010cR a poskytne knihovn\u011b osobn\u00ed \u00fadaje, to je jm\u00e9no, p\u0159\u00edjmen\u00ed, bydli\u0161t\u011b a datum narozen\u00ed. Tyto osobn\u00ed \u00fadaje bude knihovna zpracov\u00e1vat podle z\u00e1kona \u010d. 101\/2000 Sb. o ochran\u011b osobn\u00edch \u00fadaj\u016f. Knihovna je opr\u00e1vn\u011bna tyto \u00fadaje zpracov\u00e1vat pro svoji registraci \u010dten\u00e1\u0159\u016f a je proto registrov\u00e1na u \u00da\u0159adu pro ochranu osobn\u00edch \u00fadaj\u016f, Havelkova 22, 130 00 Praha 3. Za d\u00edt\u011b p\u0159eb\u00edraj\u00ed odpov\u011bdnost rodi\u010de. Na z\u00e1klad\u011b vypln\u011bn\u00e9 p\u0159ihl\u00e1\u0161ky dostane \u010dten\u00e1\u0159 \u010dten\u00e1\u0159sk\u00fd pr\u016fkaz, kter\u00fd je nep\u0159enosn\u00fd.<\/p>\n<p>Na ciz\u00ed pr\u016fkaz si nelze dokumenty p\u016fj\u010dovat!<\/p>\n<p>Ztr\u00e1tu pr\u016fkazu mus\u00ed \u010dten\u00e1\u0159 ihned ohl\u00e1sit a za poplatek 20,- K\u010d mu bude vystaven nov\u00fd.<\/p>\n<p>V\u00fdp\u016fj\u010dn\u00ed doba je 4 t\u00fddny<\/p>\n<p>Knihy, kter\u00e9 nejsou v\u00a0knihovn\u011b k\u00a0dispozici, si m\u016f\u017ee \u010dten\u00e1\u0159 vyhledat v\u00a0elektronick\u00e9m souborn\u00e9m katalogu a prost\u0159ednictv\u00edm meziknihovn\u00ed v\u00fdp\u016fj\u010dn\u00ed slu\u017eby si je za cenu po\u0161tovn\u00e9ho objednat z\u00a0kter\u00e9koliv knihovny v\u00a0\u010cR nebo ze zahrani\u010d\u00ed nebo si objednat kopii \u010dl\u00e1nku. Pracovn\u00edci knihovny mohou bez ud\u00e1n\u00ed d\u016fvod\u016f zkr\u00e1tit v\u00fdp\u016fj\u010dn\u00ed lh\u016ftu, V\u00fdp\u016fj\u010dn\u00ed lh\u016ftu je mo\u017eno si 3x prodlou\u017eit, p\u0159i t\u0159et\u00ed \u017e\u00e1dosti je \u010dten\u00e1\u0159 povinen dokumenty p\u0159edlo\u017eit v knihovn\u011b.<\/p>\n<p>Cenn\u00e9 encyklopedie, slovn\u00edkov\u00e9, jazykov\u00e9 a um\u011bleck\u00e9 publikace jsou p\u0159\u00edstupn\u00e9 jen v\u00a0prostor\u00e1ch knihovny \u2013 absen\u010dn\u011b se p\u016fj\u010duj\u00ed jen na zvl\u00e1\u0161tn\u00ed p\u00edsemnou stvrzenku.<\/p>\n<p>\u010cten\u00e1\u0159 ru\u010d\u00ed osobn\u011b za p\u016fj\u010den\u00e9 dokumenty a nesm\u00ed je p\u016fj\u010dovat dal\u0161\u00edm osob\u00e1m. V\u0161echny zap\u016fj\u010den\u00e9 dokumenty je povinen vr\u00e1tit do data vyzna\u010den\u00e9ho na stvrzence.<\/p>\n<p>Po\u0161kozen\u00e9 a ztracen\u00e9 dokumenty je u\u017eivatel povinen uhradit v\u00a0po\u0159izovac\u00ed cen\u011b + poplatek za vy\u0159azen\u00ed, kter\u00fd \u010din\u00ed u knih 50,- K\u010d, u \u010dasopis\u016f 30,- K\u010d nebo do v\u00fd\u0161e ceny fotokopie dokumentu. Zji\u0161t\u011bn\u00e1 po\u0161kozen\u00ed u dokument\u016f, jsou \u010dten\u00e1\u0159i povinni p\u0159edem ohl\u00e1sit v\u00a0knihovn\u011b, v opa\u010dn\u00e9m p\u0159\u00edpad\u011b za n\u011b sami nesou zodpov\u011bdnost a bude po nich po\u017eadov\u00e1na n\u00e1hrada. Jestli\u017ee se p\u016fj\u010den\u00e9 dokumenty dostanou do styku s\u00a0osobami s\u00a0naka\u017elivou nemoc\u00ed, je toto nutn\u00e9 v\u00a0knihovn\u011b nahl\u00e1sit a postarat se o dezinfekci dokument\u016f nebo uhradit n\u00e1klady s\u00a0t\u00edm spojen\u00e9. N\u00e1v\u0161t\u011bvn\u00edci mohou \u00fastn\u011b, p\u00edsemn\u011b, telefonicky nebo e-mailem vzn\u00e1\u0161et p\u0159ipom\u00ednky, st\u00ed\u017enosti, doporu\u010den\u00ed a p\u0159\u00e1n\u00ed t\u00fdkaj\u00edc\u00ed se provozu knihovny a jej\u00edch slu\u017eeb \u010dten\u00e1\u0159\u016fm. Hrub\u00e9 nebo soustavn\u00e9 poru\u0161ov\u00e1n\u00ed v\u00fdp\u016fj\u010dn\u00edho \u0159\u00e1du oprav\u0148uje pracovn\u00edky knihovny k\u00a0odebr\u00e1n\u00ed \u010dten\u00e1\u0159sk\u00e9ho pr\u016fkazu. Zvl\u00e1\u0161tn\u00ed p\u0159\u00edlohu, kterou tvo\u0159\u00ed cen\u00edk slu\u017eeb knihovny a sank\u010dn\u00ed poplatky za nedodr\u017een\u00ed v\u00fdp\u016fj\u010dn\u00edch lh\u016ft, pr\u016fb\u011b\u017en\u011b schvaluje Rada obce \u017dermanice.<\/p>\n","protected":false},"excerpt":{"rendered":"<p>Registrovan\u00fdm \u010dten\u00e1\u0159em knihovny se m\u016f\u017ee st\u00e1t ka\u017ed\u00fd ob\u010dan \u010cesk\u00e9 republiky, kter\u00fd se prok\u00e1\u017ee platn\u00fdm ob\u010dansk\u00fdm pr\u016fkazem nebo cizinec, kter\u00fd se prok\u00e1\u017ee cestovn\u00edm pasem a povolen\u00edm k\u00a0 pobytu v\u00a0\u010cR a poskytne knihovn\u011b osobn\u00ed \u00fadaje, to je jm\u00e9no, p\u0159\u00edjmen\u00ed, bydli\u0161t\u011b a datum narozen\u00ed. Tyto osobn\u00ed \u00fadaje bude knihovna zpracov\u00e1vat podle z\u00e1kona \u010d. 101\/2000 Sb. o ochran\u011b osobn\u00edch [&hellip;]<\/p>\n","protected":false},"author":1,"featured_media":0,"parent":0,"menu_order":2,"comment_status":"closed","ping_status":"closed","template":"","meta":{"footnotes":""},"class_list":["post-118","page","type-page","status-publish","hentry"],"_links":{"self":[{"href":"https:\/\/pazderna.knihovna.info\/index.php?rest_route=\/wp\/v2\/pages\/118","targetHints":{"allow":["GET"]}}],"collection":[{"href":"https:\/\/pazderna.knihovna.info\/index.php?rest_route=\/wp\/v2\/pages"}],"about":[{"href":"https:\/\/pazderna.knihovna.info\/index.php?rest_route=\/wp\/v2\/types\/page"}],"author":[{"embeddable":true,"href":"https:\/\/pazderna.knihovna.info\/index.php?rest_route=\/wp\/v2\/users\/1"}],"replies":[{"embeddable":true,"href":"https:\/\/pazderna.knihovna.info\/index.php?rest_route=%2Fwp%2Fv2%2Fcomments&post=118"}],"version-history":[{"count":1,"href":"https:\/\/pazderna.knihovna.info\/index.php?rest_route=\/wp\/v2\/pages\/118\/revisions"}],"predecessor-version":[{"id":119,"href":"https:\/\/pazderna.knihovna.info\/index.php?rest_route=\/wp\/v2\/pages\/118\/revisions\/119"}],"wp:attachment":[{"href":"https:\/\/pazderna.knihovna.info\/index.php?rest_route=%2Fwp%2Fv2%2Fmedia&parent=118"}],"curies":[{"name":"wp","href":"https:\/\/api.w.org\/{rel}","templated":true}]}}