
{"id":120,"date":"2018-09-15T09:56:14","date_gmt":"2018-09-15T09:56:14","guid":{"rendered":"http:\/\/pazderna.knihovna.info\/?page_id=120"},"modified":"2018-09-15T09:57:40","modified_gmt":"2018-09-15T09:57:40","slug":"cenik","status":"publish","type":"page","link":"https:\/\/pazderna.knihovna.info\/?page_id=120","title":{"rendered":"Cen\u00edk"},"content":{"rendered":"<p><strong>Registra\u010dn\u00ed poplatky<\/strong><\/p>\n<ul>\n<li><strong>dosp\u011bl\u00ed: \u00a040,- K\u010d\/rok<\/strong><\/li>\n<li><strong>d\u011bti\u00a0do 15 let: \u00a020,- K\u010d\/rok<\/strong><\/li>\n<\/ul>\n<p><strong>Upom\u00ednky<\/strong><\/p>\n<ul>\n<li><strong>I. upom\u00ednka za 30 dn\u00ed 15,-K\u010d<\/strong><\/li>\n<li><strong>II. upom\u00ednka za 60 dn\u00ed 30,- K\u010d<\/strong><\/li>\n<li><strong>III. upom\u00ednka za 90 dn\u00ed 40,- K\u010d<\/strong><\/li>\n<li><strong>Doporu\u010den\u00fd dopis 70,- K\u010d<\/strong><\/li>\n<\/ul>\n<p><strong>Rezervace knih<\/strong><\/p>\n<ul>\n<li><strong>zdarma<\/strong><\/li>\n<\/ul>\n<p><strong>Meziknihovn\u00ed slu\u017eby<\/strong><\/p>\n<ul>\n<li><strong>Po\u0161tovn\u00e9 za meziknihovn\u00ed v\u00fdp\u016fj\u010dn\u00ed slu\u017ebu 50,- K\u010d<\/strong><\/li>\n<\/ul>\n<p><strong>Kop\u00edrov\u00e1n\u00ed dokument\u016f<\/strong><\/p>\n<ul>\n<li><strong>A4 str\u00e1nka\u00a03,- K\u010d<\/strong><\/li>\n<\/ul>\n<p><strong>Tisk<\/strong><\/p>\n<ul>\n<li><strong>\u010dernob\u00edl\u00fd text 3,- K\u010d<\/strong><\/li>\n<li><strong>barevn\u00fd text 5,- K\u010d<\/strong><\/li>\n<li><strong>obr\u00e1zky A4\u00a0 20,- K\u010d<\/strong><\/li>\n<\/ul>\n<p><strong>Pou\u017eit\u00ed PC na pracovi\u0161t\u00edch knihovny (internet, Office)<\/strong><\/p>\n<ul>\n<li>zdarma<\/li>\n<\/ul>\n","protected":false},"excerpt":{"rendered":"<p>Registra\u010dn\u00ed poplatky dosp\u011bl\u00ed: \u00a040,- K\u010d\/rok d\u011bti\u00a0do 15 let: \u00a020,- K\u010d\/rok Upom\u00ednky I. upom\u00ednka za 30 dn\u00ed 15,-K\u010d II. upom\u00ednka za 60 dn\u00ed 30,- K\u010d III. upom\u00ednka za 90 dn\u00ed 40,- K\u010d Doporu\u010den\u00fd dopis 70,- K\u010d Rezervace knih zdarma Meziknihovn\u00ed slu\u017eby Po\u0161tovn\u00e9 za meziknihovn\u00ed v\u00fdp\u016fj\u010dn\u00ed slu\u017ebu 50,- K\u010d Kop\u00edrov\u00e1n\u00ed dokument\u016f A4 str\u00e1nka\u00a03,- K\u010d Tisk \u010dernob\u00edl\u00fd text [&hellip;]<\/p>\n","protected":false},"author":1,"featured_media":0,"parent":0,"menu_order":3,"comment_status":"closed","ping_status":"closed","template":"","meta":{"footnotes":""},"class_list":["post-120","page","type-page","status-publish","hentry"],"_links":{"self":[{"href":"https:\/\/pazderna.knihovna.info\/index.php?rest_route=\/wp\/v2\/pages\/120","targetHints":{"allow":["GET"]}}],"collection":[{"href":"https:\/\/pazderna.knihovna.info\/index.php?rest_route=\/wp\/v2\/pages"}],"about":[{"href":"https:\/\/pazderna.knihovna.info\/index.php?rest_route=\/wp\/v2\/types\/page"}],"author":[{"embeddable":true,"href":"https:\/\/pazderna.knihovna.info\/index.php?rest_route=\/wp\/v2\/users\/1"}],"replies":[{"embeddable":true,"href":"https:\/\/pazderna.knihovna.info\/index.php?rest_route=%2Fwp%2Fv2%2Fcomments&post=120"}],"version-history":[{"count":1,"href":"https:\/\/pazderna.knihovna.info\/index.php?rest_route=\/wp\/v2\/pages\/120\/revisions"}],"predecessor-version":[{"id":121,"href":"https:\/\/pazderna.knihovna.info\/index.php?rest_route=\/wp\/v2\/pages\/120\/revisions\/121"}],"wp:attachment":[{"href":"https:\/\/pazderna.knihovna.info\/index.php?rest_route=%2Fwp%2Fv2%2Fmedia&parent=120"}],"curies":[{"name":"wp","href":"https:\/\/api.w.org\/{rel}","templated":true}]}}