
{"id":124,"date":"2018-09-15T09:56:27","date_gmt":"2018-09-15T09:56:27","guid":{"rendered":"http:\/\/pazderna.knihovna.info\/?page_id=124"},"modified":"2018-09-15T09:59:27","modified_gmt":"2018-09-15T09:59:27","slug":"kontakt","status":"publish","type":"page","link":"https:\/\/pazderna.knihovna.info\/?page_id=124","title":{"rendered":"Kontakt"},"content":{"rendered":"<p><span style=\"color: #ff0000;\"><strong>Adresa<\/strong><\/span><br \/>\nM\u00edstn\u00ed knihovna Pazderna<\/p>\n<p>\u010d.p. 61<\/p>\n<p>739 51\u00a0 Dobr\u00e1<\/p>\n<p><span style=\"color: #ff0000;\"><strong>Knihovnice<\/strong><\/span><\/p>\n<p>Pavla Navr\u00e1tilov\u00e1<\/p>\n<p>&nbsp;<\/p>\n<p><span style=\"color: #ff0000;\"><strong>Email<\/strong><\/span><\/p>\n<p><strong>knihovnapazderna@seznam.cz<br \/>\n<\/strong><\/p>\n<p>&nbsp;<\/p>\n<p>&nbsp;<\/p>\n<hr \/>\n","protected":false},"excerpt":{"rendered":"<p>Adresa M\u00edstn\u00ed knihovna Pazderna \u010d.p. 61 739 51\u00a0 Dobr\u00e1 Knihovnice Pavla Navr\u00e1tilov\u00e1 &nbsp; Email knihovnapazderna@seznam.cz &nbsp; &nbsp;<\/p>\n","protected":false},"author":1,"featured_media":0,"parent":0,"menu_order":5,"comment_status":"closed","ping_status":"closed","template":"","meta":{"footnotes":""},"class_list":["post-124","page","type-page","status-publish","hentry"],"_links":{"self":[{"href":"https:\/\/pazderna.knihovna.info\/index.php?rest_route=\/wp\/v2\/pages\/124","targetHints":{"allow":["GET"]}}],"collection":[{"href":"https:\/\/pazderna.knihovna.info\/index.php?rest_route=\/wp\/v2\/pages"}],"about":[{"href":"https:\/\/pazderna.knihovna.info\/index.php?rest_route=\/wp\/v2\/types\/page"}],"author":[{"embeddable":true,"href":"https:\/\/pazderna.knihovna.info\/index.php?rest_route=\/wp\/v2\/users\/1"}],"replies":[{"embeddable":true,"href":"https:\/\/pazderna.knihovna.info\/index.php?rest_route=%2Fwp%2Fv2%2Fcomments&post=124"}],"version-history":[{"count":2,"href":"https:\/\/pazderna.knihovna.info\/index.php?rest_route=\/wp\/v2\/pages\/124\/revisions"}],"predecessor-version":[{"id":131,"href":"https:\/\/pazderna.knihovna.info\/index.php?rest_route=\/wp\/v2\/pages\/124\/revisions\/131"}],"wp:attachment":[{"href":"https:\/\/pazderna.knihovna.info\/index.php?rest_route=%2Fwp%2Fv2%2Fmedia&parent=124"}],"curies":[{"name":"wp","href":"https:\/\/api.w.org\/{rel}","templated":true}]}}